{"id":1954,"date":"2024-09-04T09:17:35","date_gmt":"2024-09-04T07:17:35","guid":{"rendered":"https:\/\/www.metaltrim.sk\/?page_id=1954"},"modified":"2026-02-19T14:26:02","modified_gmt":"2026-02-19T13:26:02","slug":"kontakt","status":"publish","type":"page","link":"https:\/\/www.metaltrim.sk\/de\/kontakt\/","title":{"rendered":"Kontakt"},"content":{"rendered":"\n\n\n\n\n    <section style=\"\"  class=\"herotitle-container sfull-width \">\n\t\t<div class=\"inner-herotitle\">\n\n\t\t\t<div class=\"grid-x\">\n\t\t\t\t<div class=\"acf-texts small-24 medium-auto\">\n\n<h5 class=\"wp-block-heading has-text-align-left subtitle\">metaltrim s.r.o.<\/h5>\n\n\n\n<h1 class=\"wp-block-heading has-text-align-left\">Kontakt<\/h1>\n\n\n\n<p><strong>Adresse des Unternehmens<\/strong><\/p>\n\n\n\n<p>METALTRIM, s.r.o.<br>Oravsk\u00e1 Jasenica 603<br>029 64 Oravsk\u00e1 Jasenica<br>Slowakei<\/p>\n\n\n\n<div class=\"wp-block-buttons is-layout-flex wp-block-buttons-is-layout-flex\">\n<div class=\"wp-block-button\"><a class=\"wp-block-button__link wp-element-button\" href=\"https:\/\/maps.app.goo.gl\/rSGrpDwFhUNtpFUu6\" target=\"_blank\" rel=\"noreferrer noopener nofollow\">NAVIGIEREN<\/a><\/div>\n<\/div>\n\n\n\n<div style=\"height:50px\" aria-hidden=\"true\" class=\"wp-block-spacer\"><\/div>\n\n\n\n<p><strong>Rechnungsdaten<\/strong><\/p>\n\n\n\n<p>FNr.: 43 934 536<br>I\u010cUID-Nr.: SK2022518476<br>Steuer-ID-Nummer: 2022518476<\/p>\n\n<\/div>\n\t\n\t\t\t\t\t\t\t\t\t\t\t<div class=\"container-image cell small-24 medium-24 large-12\">\n\n\t\t\t\t\t\t\t\t\t\t\t\t\t\t\t<div class=\"image\" >\n\t\t\t\t\t\t\t\t\t\t\t\t\t\t\t\t\t\t<img decoding=\"async\" class=\"cover-image\" src=\"https:\/\/www.metaltrim.sk\/wp-content\/uploads\/2025\/02\/Metaltrim_kontakty-1024x507.jpg\" alt=\"\">\n\t\t\t\t\t\t\t\t\t<div class=\"overlay\"><\/div>\n\t\t\t\t\t\t\t\t<\/div>\n\t\t\t\t\t\t\t\t\t\t\t\t\t\t<div class=\"info-hero\">\n\t\t\t\t\t\t\t\t<span>Haben Sie eine Frage? Fragen Sie uns.<\/span>\n\t\t\t\t\t\t\t\t<a href=\"#\" data-fancybox data-type=\"inline\" data-src=\"#napiste-nam\" class=\"button black  small\">Schreiben Sie uns<\/a>\n\t\t\t\t\t\t\t<\/div>\t\n\t\t\t\t\t\t<\/div>\n\t\t\t\t\t \n\t\t\t<\/div>\n\t\t\n\t\t<\/div>\n\t\t\n\t<\/section>\n\t\n\n \n\n\n\n\n\n\n\t\t<section class=\"textblock  bg-black default-width \">\n\t\t\t<div class=\"inner\">\n\t\t\t\t\t\t\t\t<div class=\"acf-texts\">\n\n<section class=\"wp-block-group container-cards contact-persons is-layout-constrained wp-block-group-is-layout-constrained\">\n<h3 class=\"wp-block-heading\">FIRMENLEITUNG<\/h3>\n\n\n\n<section class=\"wp-block-group is-layout-grid wp-container-core-group-is-layout-988b637e wp-block-group-is-layout-grid\">\n\n\n\n    <div  class=\"person-item \">\n\t\t\t\t\t<h5 class=\"has-subtitle\">Jozef \u017dofaj  \t<\/h5><h6>Gesch\u00e4ftsf\u00fchrer<\/h6><span class=\"person-contacts\"><span class=\"email\"><a href=\"mailto:konatel@metaltrim.sk\"><i class=\"icon-mail\"><\/i>konatel@metaltrim.sk<\/a><\/span><span class=\"mobil\"><a href=\"tel:00421905718308\"><i class=\"icon-mobile\"><\/i>+421 905 718 308<\/a><\/span><\/span><div class=\"p_lang\"><img decoding=\"async\" src=\"https:\/\/www.metaltrim.sk\/wp-content\/themes\/metaltrim\/assets\/images\/flag-sk.svg\" alt=\"Slovensky\"><img decoding=\"async\" src=\"https:\/\/www.metaltrim.sk\/wp-content\/themes\/metaltrim\/assets\/images\/flag-pl.svg\" alt=\"Polsky\"><\/div>\n\n\t\t\t<\/div>\n\n\t\n\n \n\n\n\n\n\n\n    <div  class=\"person-item \">\n\t\t\t\t\t<h5 class=\"has-subtitle\">Martina \u017dofajov\u00e1<\/h5><h6>HR &#8211; und Finanzmanager<\/h6><span class=\"person-contacts\"><span class=\"email\"><a href=\"mailto:ekonom@metaltrim.sk\"><i class=\"icon-mail\"><\/i>ekonom@metaltrim.sk<\/a><\/span><span class=\"mobil\"><a href=\"tel:00421435525380\"><i class=\"icon-mobile\"><\/i>+421 43 5525 380<\/a><\/span><\/span><div class=\"p_lang\"><img decoding=\"async\" src=\"https:\/\/www.metaltrim.sk\/wp-content\/themes\/metaltrim\/assets\/images\/flag-sk.svg\" alt=\"Slovensky\"><\/div>\n\n\t\t\t<\/div>\n\n\t\n\n \n<\/section>\n\n\n\n<h3 class=\"wp-block-heading\">GESCH\u00c4FT<\/h3>\n\n\n\n<section class=\"wp-block-group is-layout-grid wp-container-core-group-is-layout-988b637e wp-block-group-is-layout-grid\">\n\n\n\n    <div  class=\"person-item \">\n\t\t\t\t\t<h5 class=\"\">METALTRIM<\/h5><span class=\"person-contacts\"><span class=\"email\"><a href=\"mailto:obchod@metaltrim.sk\"><i class=\"icon-mail\"><\/i>obchod@metaltrim.sk<\/a><\/span><span class=\"telefon\"><a href=\"tel:00421435324657\"><i class=\"icon-phone\"><\/i>+421 43 5324 657<\/a><\/span><\/span>\n\n\t\t\t<\/div>\n\n\t\n\n \n\n\n\n\n\n\n    <div  class=\"person-item \">\n\t\t\t\t\t<h5 class=\"has-subtitle\">Ing. Martin \u010cerve\u0148<\/h5><h6>Gesch\u00e4ftsmanager<\/h6><span class=\"person-contacts\"><span class=\"email\"><a href=\"mailto:martin.cerven@metaltrim.sk\"><i class=\"icon-mail\"><\/i>martin.cerven@metaltrim.sk<\/a><\/span><span class=\"mobil\"><a href=\"tel:00421911991118\t\"><i class=\"icon-mobile\"><\/i>+421 911 991 118\t<\/a><\/span><span class=\"telefon\"><a href=\"tel:00421435324657\"><i class=\"icon-phone\"><\/i>+421 43 5324 657<\/a><\/span><\/span><div class=\"p_lang\"><img decoding=\"async\" src=\"https:\/\/www.metaltrim.sk\/wp-content\/themes\/metaltrim\/assets\/images\/flag-sk.svg\" alt=\"Slovensky\"><img decoding=\"async\" src=\"https:\/\/www.metaltrim.sk\/wp-content\/themes\/metaltrim\/assets\/images\/flag-en.svg\" alt=\"Anglicky\"><img decoding=\"async\" src=\"https:\/\/www.metaltrim.sk\/wp-content\/themes\/metaltrim\/assets\/images\/flag-de.svg\" alt=\"Nemecky\"><\/div>\n\n\t\t\t<\/div>\n\n\t\n\n \n\n\n\n\n\n\n    <div  class=\"person-item \">\n\t\t\t\t\t<h5 class=\"has-subtitle\">Mgr. Jana Jozefiakov\u00e1<\/h5><h6>Referent f\u00fcr Handel<\/h6><span class=\"person-contacts\"><span class=\"email\"><a href=\"mailto:jozefiakova@metaltrim.sk\"><i class=\"icon-mail\"><\/i>jozefiakova@metaltrim.sk<\/a><\/span><span class=\"mobil\"><a href=\"tel:00421903718307\"><i class=\"icon-mobile\"><\/i>+421 903 718 307<\/a><\/span><span class=\"telefon\"><a href=\"tel:00421903718307\"><i class=\"icon-phone\"><\/i>+421 903 718 307<\/a><\/span><\/span><div class=\"p_lang\"><img decoding=\"async\" src=\"https:\/\/www.metaltrim.sk\/wp-content\/themes\/metaltrim\/assets\/images\/flag-sk.svg\" alt=\"Slovensky\"><img decoding=\"async\" src=\"https:\/\/www.metaltrim.sk\/wp-content\/themes\/metaltrim\/assets\/images\/flag-en.svg\" alt=\"Anglicky\"><\/div>\n\n\t\t\t<\/div>\n\n\t\n\n \n<\/section>\n\n\n\n<h3 class=\"wp-block-heading\">EINKAUF, QUALIT\u00c4T UND PRODUKTION<\/h3>\n\n\n\n<section class=\"wp-block-group is-layout-grid wp-container-core-group-is-layout-b757edec wp-block-group-is-layout-grid\">\n\n\n\n    <div  class=\"person-item \">\n\t\t\t\t\t<h5 class=\"has-subtitle\">Mgr. Margita \u0160komb\u00e1rov\u00e1\t<\/h5><h6>Referent f\u00fcr Einkauf<\/h6><span class=\"person-contacts\"><span class=\"email\"><a href=\"mailto:nakup@metaltrim.sk\"><i class=\"icon-mail\"><\/i>nakup@metaltrim.sk<\/a><\/span><span class=\"mobil\"><a href=\"tel:00421948758158\"><i class=\"icon-mobile\"><\/i>+421 948 758 158<\/a><\/span><span class=\"telefon\"><a href=\"tel:00421435324657\"><i class=\"icon-phone\"><\/i>+421 43 5324 657<\/a><\/span><\/span><div class=\"p_lang\"><img decoding=\"async\" src=\"https:\/\/www.metaltrim.sk\/wp-content\/themes\/metaltrim\/assets\/images\/flag-sk.svg\" alt=\"Slovensky\"><img decoding=\"async\" src=\"https:\/\/www.metaltrim.sk\/wp-content\/themes\/metaltrim\/assets\/images\/flag-en.svg\" alt=\"Anglicky\"><\/div>\n\n\t\t\t<\/div>\n\n\t\n\n \n\n\n\n\n\n\n    <div  class=\"person-item \">\n\t\t\t\t\t<h5 class=\"has-subtitle\">Ing. Miroslav Kulo\u0161\u0165\u00e1k<\/h5><h6>Qualit\u00e4tsmanager, Qualit\u00e4tsleiter<\/h6><span class=\"person-contacts\"><span class=\"email\"><a href=\"mailto:otk@metaltrim.sk\"><i class=\"icon-mail\"><\/i>otk@metaltrim.sk<\/a><\/span><span class=\"telefon\"><a href=\"tel:00421948090538\"><i class=\"icon-phone\"><\/i>+421 948 090 538<\/a><\/span><\/span><div class=\"p_lang\"><img decoding=\"async\" src=\"https:\/\/www.metaltrim.sk\/wp-content\/themes\/metaltrim\/assets\/images\/flag-sk.svg\" alt=\"Slovensky\"><img decoding=\"async\" src=\"https:\/\/www.metaltrim.sk\/wp-content\/themes\/metaltrim\/assets\/images\/flag-en.svg\" alt=\"Anglicky\"><\/div>\n\n\t\t\t<\/div>\n\n\t\n\n \n\n\n\n\n\n\n    <div  class=\"person-item \">\n\t\t\t\t\t<h5 class=\"has-subtitle\">PhDr. Pavol Holub\u010d\u00edk<\/h5><h6>Produktionsleiter<\/h6><span class=\"person-contacts\"><span class=\"email\"><a href=\"mailto:pavol.holubcik@metaltrim.sk\"><i class=\"icon-mail\"><\/i>pavol.holubcik@metaltrim.sk<\/a><\/span><span class=\"telefon\"><a href=\"tel:00421948064324\"><i class=\"icon-phone\"><\/i>+421 948 064 324<\/a><\/span><\/span><div class=\"p_lang\"><img decoding=\"async\" src=\"https:\/\/www.metaltrim.sk\/wp-content\/themes\/metaltrim\/assets\/images\/flag-sk.svg\" alt=\"Slovensky\"><\/div>\n\n\t\t\t<\/div>\n\n\t\n\n \n\n\n\n\n\n\n    <div  class=\"person-item \">\n\t\t\t\t\t<h5 class=\"has-subtitle\">Mgr. Alb\u00edn Pisar\u010d\u00edk<\/h5><h6>Produktionsmeister<\/h6><span class=\"person-contacts\"><span class=\"email\"><a href=\"mailto:vyroba@metaltrim.sk\"><i class=\"icon-mail\"><\/i>vyroba@metaltrim.sk<\/a><\/span><span class=\"mobil\"><a href=\"tel:00421911718306\"><i class=\"icon-mobile\"><\/i>+421 911 718 306<\/a><\/span><span class=\"telefon\"><a href=\"tel:00421435324656\"><i class=\"icon-phone\"><\/i>+421 43 5324 656<\/a><\/span><\/span><div class=\"p_lang\"><img decoding=\"async\" src=\"https:\/\/www.metaltrim.sk\/wp-content\/themes\/metaltrim\/assets\/images\/flag-sk.svg\" alt=\"Slovensky\"><\/div>\n\n\t\t\t<\/div>\n\n\t\n\n \n<\/section>\n\n\n\n<h3 class=\"wp-block-heading\">TECHNOLOGIE<\/h3>\n\n\n\n<section class=\"wp-block-group is-layout-grid wp-container-core-group-is-layout-b757edec wp-block-group-is-layout-grid\">\n\n\n\n    <div  class=\"person-item \">\n\t\t\t\t\t<h5 class=\"\">Luk\u00e1\u0161 Kub\u00edk<\/h5><span class=\"person-contacts\"><span class=\"email\"><a href=\"mailto:lukas.kubik@metaltrim.sk\"><i class=\"icon-mail\"><\/i>lukas.kubik@metaltrim.sk<\/a><\/span><span class=\"telefon\"><a href=\"tel:00421947939611\"><i class=\"icon-phone\"><\/i>+421 947 939 611<\/a><\/span><\/span><div class=\"p_lang\"><img decoding=\"async\" src=\"https:\/\/www.metaltrim.sk\/wp-content\/themes\/metaltrim\/assets\/images\/flag-sk.svg\" alt=\"Slovensky\"><img decoding=\"async\" src=\"https:\/\/www.metaltrim.sk\/wp-content\/themes\/metaltrim\/assets\/images\/flag-en.svg\" alt=\"Anglicky\"><\/div>\n\n\t\t\t<\/div>\n\n\t\n\n \n\n\n\n\n\n\n    <div  class=\"person-item \">\n\t\t\t\t\t<h5 class=\"has-subtitle\">Andrej Kur\u0165ak<\/h5><h6> <\/h6><span class=\"person-contacts\"><span class=\"email\"><a href=\"mailto:andrej.kurtak@metaltrim.sk\"><i class=\"icon-mail\"><\/i>andrej.kurtak@metaltrim.sk<\/a><\/span><span class=\"telefon\"><a href=\"tel:00421948901904\"><i class=\"icon-phone\"><\/i>+421 948 901 904<\/a><\/span><\/span><div class=\"p_lang\"><img decoding=\"async\" src=\"https:\/\/www.metaltrim.sk\/wp-content\/themes\/metaltrim\/assets\/images\/flag-sk.svg\" alt=\"Slovensky\"><\/div>\n\n\t\t\t<\/div>\n\n\t\n\n \n<\/section>\n<\/section>\n\n<\/div>\t\t\t<\/div>\t\n\t\t<\/section>\n\t\n\t\n\n\t\n\n\n<div class=\"wp-block-columns is-not-stacked-on-mobile container-cards claims is-layout-flex wp-container-core-columns-is-layout-28f84493 wp-block-columns-is-layout-flex\">\n<div class=\"wp-block-column is-layout-flow wp-block-column-is-layout-flow\">\n<figure class=\"wp-block-image is-item\"><span class=\"imgwrap\"><img decoding=\"async\" src=\"https:\/\/www.metaltrim.sk\/wp-content\/uploads\/2024\/09\/stroj-1.jpg\" alt=\"\" class=\"wp-image-219\"\/><\/span><\/figure>\n\n\n\n<h2 class=\"wp-block-heading is-style-mb-0\">20+<\/h2>\n\n\n\n<p>CNC <br>strojov<\/p>\n<\/div>\n\n\n\n<div class=\"wp-block-column is-layout-flow wp-block-column-is-layout-flow\">\n<figure class=\"wp-block-image is-item\"><span class=\"imgwrap\"><img loading=\"lazy\" decoding=\"async\" width=\"150\" height=\"150\" src=\"https:\/\/www.metaltrim.sk\/wp-content\/uploads\/2024\/09\/img-circle.png\" alt=\"\" class=\"wp-image-294\"\/><\/span><\/figure>\n\n\n\n<h2 class=\"wp-block-heading is-style-mb-0\">27+<\/h2>\n\n\n\n<p>rokov na<br>trhu<\/p>\n<\/div>\n\n\n\n<div class=\"wp-block-column is-layout-flow wp-block-column-is-layout-flow\">\n<figure class=\"wp-block-image is-item\"><span class=\"imgwrap\"><img loading=\"lazy\" decoding=\"async\" width=\"152\" height=\"150\" src=\"https:\/\/www.metaltrim.sk\/wp-content\/uploads\/2024\/09\/img-koleso.png\" alt=\"\" class=\"wp-image-285\"\/><\/span><\/figure>\n\n\n\n<h2 class=\"wp-block-heading is-style-mb-0\">&gt;20.000<\/h2>\n\n\n\n<p>vyroben\u00fdch dielov<br>mesa\u010dne<\/p>\n<\/div>\n\n\n\n<div class=\"wp-block-column is-layout-flow wp-block-column-is-layout-flow\">\n<figure class=\"wp-block-image is-item\"><span class=\"imgwrap\"><img loading=\"lazy\" decoding=\"async\" width=\"114\" height=\"150\" src=\"https:\/\/www.metaltrim.sk\/wp-content\/uploads\/2024\/09\/img-iso.png\" alt=\"\" class=\"wp-image-282\"\/><\/span><\/figure>\n\n\n\n<h2 class=\"wp-block-heading is-style-mb-0\">4<\/h2>\n\n\n\n<p>Certifik\u00e1ty kvality<br>ISO 9001<br>ISO 4001<br>Ecovadis<br>Dun&amp;Bradsreet<\/p>\n<\/div>\n<\/div>\n","protected":false},"excerpt":{"rendered":"","protected":false},"author":1,"featured_media":0,"parent":0,"menu_order":0,"comment_status":"closed","ping_status":"closed","template":"","meta":{"_acf_changed":false,"footnotes":""},"class_list":["post-1954","page","type-page","status-publish","hentry"],"acf":[],"yoast_head":"<!-- This site is optimized with the Yoast SEO plugin v27.2 - https:\/\/yoast.com\/product\/yoast-seo-wordpress\/ -->\n<title>Kontakt - Metaltrim<\/title>\n<meta name=\"robots\" content=\"index, follow, max-snippet:-1, max-image-preview:large, max-video-preview:-1\" \/>\n<link rel=\"canonical\" href=\"https:\/\/www.metaltrim.sk\/de\/kontakt\/\" \/>\n<meta property=\"og:locale\" content=\"de_DE\" \/>\n<meta property=\"og:type\" content=\"article\" \/>\n<meta property=\"og:title\" content=\"Kontakt - Metaltrim\" \/>\n<meta property=\"og:url\" content=\"https:\/\/www.metaltrim.sk\/de\/kontakt\/\" \/>\n<meta property=\"og:site_name\" content=\"Metaltrim\" \/>\n<meta property=\"article:publisher\" content=\"https:\/\/www.facebook.com\/metaltrimjasenica\" \/>\n<meta property=\"article:modified_time\" content=\"2026-02-19T13:26:02+00:00\" \/>\n<meta property=\"og:image\" content=\"https:\/\/www.metaltrim.sk\/wp-content\/uploads\/2025\/02\/Metaltrim_o-nas.jpg\" \/>\n\t<meta property=\"og:image:width\" content=\"1788\" \/>\n\t<meta property=\"og:image:height\" content=\"839\" \/>\n\t<meta property=\"og:image:type\" content=\"image\/jpeg\" \/>\n<meta name=\"twitter:card\" content=\"summary_large_image\" \/>\n<meta name=\"twitter:label1\" content=\"Gesch\u00e4tzte Lesezeit\" \/>\n\t<meta name=\"twitter:data1\" content=\"2\u00a0Minuten\" \/>\n<script type=\"application\/ld+json\" class=\"yoast-schema-graph\">{\"@context\":\"https:\/\/schema.org\",\"@graph\":[{\"@type\":\"WebPage\",\"@id\":\"https:\/\/www.metaltrim.sk\/de\/kontakt\/\",\"url\":\"https:\/\/www.metaltrim.sk\/de\/kontakt\/\",\"name\":\"Kontakt - Metaltrim\",\"isPartOf\":{\"@id\":\"https:\/\/www.metaltrim.sk\/#website\"},\"datePublished\":\"2024-09-04T07:17:35+00:00\",\"dateModified\":\"2026-02-19T13:26:02+00:00\",\"breadcrumb\":{\"@id\":\"https:\/\/www.metaltrim.sk\/de\/kontakt\/#breadcrumb\"},\"inLanguage\":\"de\",\"potentialAction\":[{\"@type\":\"ReadAction\",\"target\":[\"https:\/\/www.metaltrim.sk\/de\/kontakt\/\"]}]},{\"@type\":\"BreadcrumbList\",\"@id\":\"https:\/\/www.metaltrim.sk\/de\/kontakt\/#breadcrumb\",\"itemListElement\":[{\"@type\":\"ListItem\",\"position\":1,\"name\":\"Domovsk\u00e1 str\u00e1nka\",\"item\":\"https:\/\/www.metaltrim.sk\/de\/\"},{\"@type\":\"ListItem\",\"position\":2,\"name\":\"Kontakt\"}]},{\"@type\":\"WebSite\",\"@id\":\"https:\/\/www.metaltrim.sk\/#website\",\"url\":\"https:\/\/www.metaltrim.sk\/\",\"name\":\"Metaltrim.sk\",\"description\":\"Partner pre v\u00fdrobu va\u0161ich dielov\",\"publisher\":{\"@id\":\"https:\/\/www.metaltrim.sk\/#organization\"},\"potentialAction\":[{\"@type\":\"SearchAction\",\"target\":{\"@type\":\"EntryPoint\",\"urlTemplate\":\"https:\/\/www.metaltrim.sk\/?s={search_term_string}\"},\"query-input\":{\"@type\":\"PropertyValueSpecification\",\"valueRequired\":true,\"valueName\":\"search_term_string\"}}],\"inLanguage\":\"de\"},{\"@type\":\"Organization\",\"@id\":\"https:\/\/www.metaltrim.sk\/#organization\",\"name\":\"METALTRIM, s.r.o.\",\"url\":\"https:\/\/www.metaltrim.sk\/\",\"logo\":{\"@type\":\"ImageObject\",\"inLanguage\":\"de\",\"@id\":\"https:\/\/www.metaltrim.sk\/#\/schema\/logo\/image\/\",\"url\":\"https:\/\/www.metaltrim.sk\/wp-content\/uploads\/2025\/05\/image-6.png\",\"contentUrl\":\"https:\/\/www.metaltrim.sk\/wp-content\/uploads\/2025\/05\/image-6.png\",\"width\":164,\"height\":52,\"caption\":\"METALTRIM, s.r.o.\"},\"image\":{\"@id\":\"https:\/\/www.metaltrim.sk\/#\/schema\/logo\/image\/\"},\"sameAs\":[\"https:\/\/www.facebook.com\/metaltrimjasenica\",\"https:\/\/www.instagram.com\/metal_trim\/\"]}]}<\/script>\n<!-- \/ Yoast SEO plugin. -->","yoast_head_json":{"title":"Kontakt - Metaltrim","robots":{"index":"index","follow":"follow","max-snippet":"max-snippet:-1","max-image-preview":"max-image-preview:large","max-video-preview":"max-video-preview:-1"},"canonical":"https:\/\/www.metaltrim.sk\/de\/kontakt\/","og_locale":"de_DE","og_type":"article","og_title":"Kontakt - Metaltrim","og_url":"https:\/\/www.metaltrim.sk\/de\/kontakt\/","og_site_name":"Metaltrim","article_publisher":"https:\/\/www.facebook.com\/metaltrimjasenica","article_modified_time":"2026-02-19T13:26:02+00:00","og_image":[{"width":1788,"height":839,"url":"https:\/\/www.metaltrim.sk\/wp-content\/uploads\/2025\/02\/Metaltrim_o-nas.jpg","type":"image\/jpeg"}],"twitter_card":"summary_large_image","twitter_misc":{"Gesch\u00e4tzte Lesezeit":"2\u00a0Minuten"},"schema":{"@context":"https:\/\/schema.org","@graph":[{"@type":"WebPage","@id":"https:\/\/www.metaltrim.sk\/de\/kontakt\/","url":"https:\/\/www.metaltrim.sk\/de\/kontakt\/","name":"Kontakt - Metaltrim","isPartOf":{"@id":"https:\/\/www.metaltrim.sk\/#website"},"datePublished":"2024-09-04T07:17:35+00:00","dateModified":"2026-02-19T13:26:02+00:00","breadcrumb":{"@id":"https:\/\/www.metaltrim.sk\/de\/kontakt\/#breadcrumb"},"inLanguage":"de","potentialAction":[{"@type":"ReadAction","target":["https:\/\/www.metaltrim.sk\/de\/kontakt\/"]}]},{"@type":"BreadcrumbList","@id":"https:\/\/www.metaltrim.sk\/de\/kontakt\/#breadcrumb","itemListElement":[{"@type":"ListItem","position":1,"name":"Domovsk\u00e1 str\u00e1nka","item":"https:\/\/www.metaltrim.sk\/de\/"},{"@type":"ListItem","position":2,"name":"Kontakt"}]},{"@type":"WebSite","@id":"https:\/\/www.metaltrim.sk\/#website","url":"https:\/\/www.metaltrim.sk\/","name":"Metaltrim.sk","description":"Partner pre v\u00fdrobu va\u0161ich dielov","publisher":{"@id":"https:\/\/www.metaltrim.sk\/#organization"},"potentialAction":[{"@type":"SearchAction","target":{"@type":"EntryPoint","urlTemplate":"https:\/\/www.metaltrim.sk\/?s={search_term_string}"},"query-input":{"@type":"PropertyValueSpecification","valueRequired":true,"valueName":"search_term_string"}}],"inLanguage":"de"},{"@type":"Organization","@id":"https:\/\/www.metaltrim.sk\/#organization","name":"METALTRIM, s.r.o.","url":"https:\/\/www.metaltrim.sk\/","logo":{"@type":"ImageObject","inLanguage":"de","@id":"https:\/\/www.metaltrim.sk\/#\/schema\/logo\/image\/","url":"https:\/\/www.metaltrim.sk\/wp-content\/uploads\/2025\/05\/image-6.png","contentUrl":"https:\/\/www.metaltrim.sk\/wp-content\/uploads\/2025\/05\/image-6.png","width":164,"height":52,"caption":"METALTRIM, s.r.o."},"image":{"@id":"https:\/\/www.metaltrim.sk\/#\/schema\/logo\/image\/"},"sameAs":["https:\/\/www.facebook.com\/metaltrimjasenica","https:\/\/www.instagram.com\/metal_trim\/"]}]}},"_links":{"self":[{"href":"https:\/\/www.metaltrim.sk\/de\/wp-json\/wp\/v2\/pages\/1954","targetHints":{"allow":["GET"]}}],"collection":[{"href":"https:\/\/www.metaltrim.sk\/de\/wp-json\/wp\/v2\/pages"}],"about":[{"href":"https:\/\/www.metaltrim.sk\/de\/wp-json\/wp\/v2\/types\/page"}],"author":[{"embeddable":true,"href":"https:\/\/www.metaltrim.sk\/de\/wp-json\/wp\/v2\/users\/1"}],"replies":[{"embeddable":true,"href":"https:\/\/www.metaltrim.sk\/de\/wp-json\/wp\/v2\/comments?post=1954"}],"version-history":[{"count":19,"href":"https:\/\/www.metaltrim.sk\/de\/wp-json\/wp\/v2\/pages\/1954\/revisions"}],"predecessor-version":[{"id":2655,"href":"https:\/\/www.metaltrim.sk\/de\/wp-json\/wp\/v2\/pages\/1954\/revisions\/2655"}],"wp:attachment":[{"href":"https:\/\/www.metaltrim.sk\/de\/wp-json\/wp\/v2\/media?parent=1954"}],"curies":[{"name":"wp","href":"https:\/\/api.w.org\/{rel}","templated":true}]}}